{"id":3025,"date":"2025-09-29T13:57:14","date_gmt":"2025-09-29T11:57:14","guid":{"rendered":"https:\/\/www.cyment.eu\/novinky\/"},"modified":"2025-10-30T15:21:51","modified_gmt":"2025-10-30T14:21:51","slug":"novinky","status":"publish","type":"page","link":"https:\/\/www.cyment.eu\/sk\/novinky\/","title":{"rendered":"Novinky"},"content":{"rendered":"\t\t<div data-elementor-type=\"wp-page\" data-elementor-id=\"3025\" class=\"elementor elementor-3025 elementor-2956\" data-elementor-post-type=\"page\">\n\t\t\t\t\t\t<section class=\"elementor-section elementor-top-section elementor-element elementor-element-94bee6f elementor-section-boxed elementor-section-height-default elementor-section-height-default\" data-id=\"94bee6f\" data-element_type=\"section\">\n\t\t\t\t\t\t<div class=\"elementor-container elementor-column-gap-wider\">\n\t\t\t\t\t<div class=\"elementor-column elementor-col-100 elementor-top-column elementor-element elementor-element-16fc1dc\" data-id=\"16fc1dc\" data-element_type=\"column\">\n\t\t\t<div class=\"elementor-widget-wrap elementor-element-populated\">\n\t\t\t\t\t\t<section class=\"elementor-section elementor-inner-section elementor-element elementor-element-c77baa8 elementor-reverse-mobile elementor-section-boxed elementor-section-height-default elementor-section-height-default\" data-id=\"c77baa8\" data-element_type=\"section\">\n\t\t\t\t\t\t<div class=\"elementor-container elementor-column-gap-wider\">\n\t\t\t\t\t<div class=\"elementor-column elementor-col-50 elementor-inner-column elementor-element elementor-element-c9324f4\" data-id=\"c9324f4\" data-element_type=\"column\">\n\t\t\t<div class=\"elementor-widget-wrap elementor-element-populated\">\n\t\t\t\t\t\t<div class=\"elementor-element elementor-element-aa34ce5 elementor-widget elementor-widget-heading\" data-id=\"aa34ce5\" data-element_type=\"widget\" data-widget_type=\"heading.default\">\n\t\t\t\t<div class=\"elementor-widget-container\">\n\t\t\t\t\t<h1 class=\"elementor-heading-title elementor-size-default\">Novinky<\/h1>\t\t\t\t<\/div>\n\t\t\t\t<\/div>\n\t\t\t\t<div class=\"elementor-element elementor-element-1e099b3 elementor-widget__width-initial elementor-widget elementor-widget-text-editor\" data-id=\"1e099b3\" data-element_type=\"widget\" data-widget_type=\"text-editor.default\">\n\t\t\t\t<div class=\"elementor-widget-container\">\n\t\t\t\t\t\t\t\t\t<p>Tu zhroma\u017e\u010fujeme najnov\u0161ie inform\u00e1cie o cyment. Od projektov a v\u00fdsledkov v\u00fdskumu a\u017e po nov\u00e9 technol\u00f3gie a v\u00fdvoj v oblasti cementu a stavebn\u00fdch materi\u00e1lov. <\/p>\t\t\t\t\t\t\t\t<\/div>\n\t\t\t\t<\/div>\n\t\t\t\t\t<\/div>\n\t\t<\/div>\n\t\t\t\t<div class=\"elementor-column elementor-col-50 elementor-inner-column elementor-element elementor-element-f77b9c6\" data-id=\"f77b9c6\" data-element_type=\"column\">\n\t\t\t<div class=\"elementor-widget-wrap elementor-element-populated\">\n\t\t\t\t\t\t<div class=\"elementor-element elementor-element-4fd0383 elementor-widget elementor-widget-image\" data-id=\"4fd0383\" data-element_type=\"widget\" data-widget_type=\"image.default\">\n\t\t\t\t<div class=\"elementor-widget-container\">\n\t\t\t\t\t\t\t\t\t\t\t\t\t\t\t<img fetchpriority=\"high\" decoding=\"async\" width=\"800\" height=\"533\" src=\"https:\/\/www.cyment.eu\/wp-content\/uploads\/2025\/09\/cyment_news_logo.jpg\" class=\"attachment-large size-large wp-image-2996\" alt=\"\" srcset=\"https:\/\/www.cyment.eu\/wp-content\/uploads\/2025\/09\/cyment_news_logo.jpg 1024w, https:\/\/www.cyment.eu\/wp-content\/uploads\/2025\/09\/cyment_news_logo-300x200.jpg 300w, https:\/\/www.cyment.eu\/wp-content\/uploads\/2025\/09\/cyment_news_logo-768x512.jpg 768w\" sizes=\"(max-width: 800px) 100vw, 800px\" \/>\t\t\t\t\t\t\t\t\t\t\t\t\t\t\t<\/div>\n\t\t\t\t<\/div>\n\t\t\t\t\t<\/div>\n\t\t<\/div>\n\t\t\t\t\t<\/div>\n\t\t<\/section>\n\t\t\t\t\t<\/div>\n\t\t<\/div>\n\t\t\t\t\t<\/div>\n\t\t<\/section>\n\t\t\t\t<section class=\"elementor-section elementor-top-section elementor-element elementor-element-fc59627 elementor-section-boxed elementor-section-height-default elementor-section-height-default\" data-id=\"fc59627\" data-element_type=\"section\">\n\t\t\t\t\t\t<div class=\"elementor-container elementor-column-gap-wider\">\n\t\t\t\t\t<div class=\"elementor-column elementor-col-100 elementor-top-column elementor-element elementor-element-b9699ae\" data-id=\"b9699ae\" data-element_type=\"column\">\n\t\t\t<div class=\"elementor-widget-wrap elementor-element-populated\">\n\t\t\t\t\t\t<section class=\"elementor-section elementor-inner-section elementor-element elementor-element-8559d4e elementor-section-boxed elementor-section-height-default elementor-section-height-default\" data-id=\"8559d4e\" data-element_type=\"section\">\n\t\t\t\t\t\t<div class=\"elementor-container elementor-column-gap-wider\">\n\t\t\t\t\t<div class=\"elementor-column elementor-col-100 elementor-inner-column elementor-element elementor-element-390e377\" data-id=\"390e377\" data-element_type=\"column\">\n\t\t\t<div class=\"elementor-widget-wrap elementor-element-populated\">\n\t\t\t\t\t\t<div class=\"elementor-element elementor-element-c64b290 elementor-widget elementor-widget-html\" data-id=\"c64b290\" data-element_type=\"widget\" data-widget_type=\"html.default\">\n\t\t\t\t<div class=\"elementor-widget-container\">\n\t\t\t\t\t<script>(function(){\n  function formatPostDates(){\n    document.querySelectorAll('.elementor-post-date').forEach(function(el){\n      var txt = el.textContent.trim();\n      \/\/ 29\/09\/2025  oder 29.09.2025  oder 29-09-2025\n      var m = txt.match(\/(\\d{1,2})\\D+(\\d{1,2})\\D+(\\d{4})\/);\n      if (m) {\n        var month = ('0' + m[2]).slice(-2);\n        var year  = m[3];\n        el.textContent = month + '\/' + year;\n        return;\n      }\n      \/\/ Fallback: falls \"29 September 2025\"\n      var m2 = txt.match(\/(\\d{1,2})\\s+([A-Za-z\u00e4\u00f6\u00fc\u00c4\u00d6\u00dc\u00df]+)\\s+(\\d{4})\/);\n      if (m2) {\n        var monthNames = {\n          \"januar\":\"01\",\"februar\":\"02\",\"m\u00e4rz\":\"03\",\"maerz\":\"03\",\"april\":\"04\",\"mai\":\"05\",\n          \"juni\":\"06\",\"juli\":\"07\",\"august\":\"08\",\"september\":\"09\",\"oktober\":\"10\",\n          \"november\":\"11\",\"dezember\":\"12\"\n        };\n        var mm = monthNames[m2[2].toLowerCase()] || ('0' + (new Date(m2[2] + ' 1, 2000').getMonth()+1)).slice(-2);\n        el.textContent = mm + '\/' + m2[3];\n      }\n    });\n  }\n  if (document.readyState !== 'loading') formatPostDates(); else document.addEventListener('DOMContentLoaded', formatPostDates);\n})();\n<\/script>\t\t\t\t<\/div>\n\t\t\t\t<\/div>\n\t\t\t\t\t<\/div>\n\t\t<\/div>\n\t\t\t\t\t<\/div>\n\t\t<\/section>\n\t\t\t\t\t<\/div>\n\t\t<\/div>\n\t\t\t\t\t<\/div>\n\t\t<\/section>\n\t\t\t\t<\/div>\n\t\t","protected":false},"excerpt":{"rendered":"<p>Novinky Tu zhroma\u017e\u010fujeme najnov\u0161ie inform\u00e1cie o cyment. Od projektov a v\u00fdsledkov v\u00fdskumu a\u017e po nov\u00e9 technol\u00f3gie a v\u00fdvoj v oblasti cementu a stavebn\u00fdch materi\u00e1lov.<\/p>\n","protected":false},"author":2,"featured_media":0,"parent":0,"menu_order":0,"comment_status":"closed","ping_status":"closed","template":"elementor_header_footer","meta":{"footnotes":""},"class_list":["post-3025","page","type-page","status-publish","hentry"],"_links":{"self":[{"href":"https:\/\/www.cyment.eu\/sk\/wp-json\/wp\/v2\/pages\/3025","targetHints":{"allow":["GET"]}}],"collection":[{"href":"https:\/\/www.cyment.eu\/sk\/wp-json\/wp\/v2\/pages"}],"about":[{"href":"https:\/\/www.cyment.eu\/sk\/wp-json\/wp\/v2\/types\/page"}],"author":[{"embeddable":true,"href":"https:\/\/www.cyment.eu\/sk\/wp-json\/wp\/v2\/users\/2"}],"replies":[{"embeddable":true,"href":"https:\/\/www.cyment.eu\/sk\/wp-json\/wp\/v2\/comments?post=3025"}],"version-history":[{"count":4,"href":"https:\/\/www.cyment.eu\/sk\/wp-json\/wp\/v2\/pages\/3025\/revisions"}],"predecessor-version":[{"id":3178,"href":"https:\/\/www.cyment.eu\/sk\/wp-json\/wp\/v2\/pages\/3025\/revisions\/3178"}],"wp:attachment":[{"href":"https:\/\/www.cyment.eu\/sk\/wp-json\/wp\/v2\/media?parent=3025"}],"curies":[{"name":"wp","href":"https:\/\/api.w.org\/{rel}","templated":true}]}}