{"id":1639,"date":"2023-07-11T16:19:58","date_gmt":"2023-07-11T14:19:58","guid":{"rendered":"https:\/\/www.cyment.eu\/kapcsolatfelvetel\/"},"modified":"2026-03-23T14:35:59","modified_gmt":"2026-03-23T13:35:59","slug":"kapcsolatfelvetel","status":"publish","type":"page","link":"https:\/\/www.cyment.eu\/hu\/kapcsolatfelvetel\/","title":{"rendered":"Kapcsolat"},"content":{"rendered":"\t\t<div data-elementor-type=\"wp-page\" data-elementor-id=\"1639\" class=\"elementor elementor-1639 elementor-377\" data-elementor-post-type=\"page\">\n\t\t\t\t\t\t<section class=\"elementor-section elementor-top-section elementor-element elementor-element-440238e elementor-section-full_width elementor-section-height-default elementor-section-height-default\" data-id=\"440238e\" data-element_type=\"section\" data-e-type=\"section\">\n\t\t\t\t\t\t<div class=\"elementor-container elementor-column-gap-default\">\n\t\t\t\t\t<div class=\"elementor-column elementor-col-50 elementor-top-column elementor-element elementor-element-6a9cfdd\" data-id=\"6a9cfdd\" data-element_type=\"column\" data-e-type=\"column\">\n\t\t\t<div class=\"elementor-widget-wrap elementor-element-populated\">\n\t\t\t\t\t\t<div class=\"elementor-element elementor-element-aa32985 elementor-widget__width-auto elementor-widget elementor-widget-heading\" data-id=\"aa32985\" data-element_type=\"widget\" data-e-type=\"widget\" data-widget_type=\"heading.default\">\n\t\t\t\t<div class=\"elementor-widget-container\">\n\t\t\t\t\t<h3 class=\"elementor-heading-title elementor-size-default\">Kapcsolat<\/h3>\t\t\t\t<\/div>\n\t\t\t\t<\/div>\n\t\t\t\t<div class=\"elementor-element elementor-element-b0cf4e5 elementor-widget__width-auto elementor-view-default elementor-widget elementor-widget-icon\" data-id=\"b0cf4e5\" data-element_type=\"widget\" data-e-type=\"widget\" data-widget_type=\"icon.default\">\n\t\t\t\t<div class=\"elementor-widget-container\">\n\t\t\t\t\t\t\t<div class=\"elementor-icon-wrapper\">\n\t\t\t<div class=\"elementor-icon\">\n\t\t\t<svg xmlns=\"http:\/\/www.w3.org\/2000\/svg\" id=\"uuid-42503454-a531-4aef-857e-a5565ccc77c8\" viewBox=\"0 0 263.6 263.47\"><defs><style>.uuid-12dbc6f1-3316-4896-a13a-42501e7d6967{fill:#13a538;}<\/style><\/defs><path id=\"uuid-34cf7a23-1907-4277-bfc0-5e48ac72d2ce\" class=\"uuid-12dbc6f1-3316-4896-a13a-42501e7d6967\" d=\"M263.6,4.38c0-2.41-1.9-4.31-4.3-4.31h-49.3c-2.4,0-4.3,1.9-4.3,4.3V164.57L42.5,1.28c-1.7-1.7-4.4-1.7-6.1,0h0L1.5,36.18c-1.7,1.7-1.7,4.4,0,6.1h0L164.8,205.57H4.3c-2.4,0-4.3,1.9-4.3,4.3v49.3c0,2.4,1.9,4.3,4.3,4.3H160.6c22.6,0,39.2-2.5,52.9-8.5,.6-.3,1.1-.5,1.7-.8,8.7-4.1,16.5-9.8,23.2-16.7,6.7-6.7,12-14.7,15.6-23.4,6.5-15.1,9.6-34,9.6-57.8V4.38Z\"><\/path><\/svg>\t\t\t<\/div>\n\t\t<\/div>\n\t\t\t\t\t\t<\/div>\n\t\t\t\t<\/div>\n\t\t\t\t\t<\/div>\n\t\t<\/div>\n\t\t\t\t<div class=\"elementor-column elementor-col-50 elementor-top-column elementor-element elementor-element-873d018\" data-id=\"873d018\" data-element_type=\"column\" data-e-type=\"column\">\n\t\t\t<div class=\"elementor-widget-wrap\">\n\t\t\t\t\t\t\t<\/div>\n\t\t<\/div>\n\t\t\t\t\t<\/div>\n\t\t<\/section>\n\t\t\t\t<section class=\"elementor-section elementor-top-section elementor-element elementor-element-56bce7e elementor-section-content-top elementor-section-boxed elementor-section-height-default elementor-section-height-default\" data-id=\"56bce7e\" data-element_type=\"section\" data-e-type=\"section\">\n\t\t\t\t\t\t<div class=\"elementor-container elementor-column-gap-wider\">\n\t\t\t\t\t<div class=\"elementor-column elementor-col-50 elementor-top-column elementor-element elementor-element-4e791f6\" data-id=\"4e791f6\" data-element_type=\"column\" data-e-type=\"column\">\n\t\t\t<div class=\"elementor-widget-wrap elementor-element-populated\">\n\t\t\t\t\t\t<section class=\"elementor-section elementor-inner-section elementor-element elementor-element-2025970 elementor-section-boxed elementor-section-height-default elementor-section-height-default\" data-id=\"2025970\" data-element_type=\"section\" data-e-type=\"section\">\n\t\t\t\t\t\t<div class=\"elementor-container elementor-column-gap-wider\">\n\t\t\t\t\t<div class=\"elementor-column elementor-col-100 elementor-inner-column elementor-element elementor-element-b790cd6\" data-id=\"b790cd6\" data-element_type=\"column\" data-e-type=\"column\">\n\t\t\t<div class=\"elementor-widget-wrap elementor-element-populated\">\n\t\t\t\t\t\t<div class=\"elementor-element elementor-element-1b190e1 elementor-widget elementor-widget-heading\" data-id=\"1b190e1\" data-element_type=\"widget\" data-e-type=\"widget\" data-widget_type=\"heading.default\">\n\t\t\t\t<div class=\"elementor-widget-container\">\n\t\t\t\t\t<h2 class=\"elementor-heading-title elementor-size-default\">cyment Kft.<\/h2>\t\t\t\t<\/div>\n\t\t\t\t<\/div>\n\t\t\t\t<div class=\"elementor-element elementor-element-8b953be elementor-widget elementor-widget-heading\" data-id=\"8b953be\" data-element_type=\"widget\" data-e-type=\"widget\" data-widget_type=\"heading.default\">\n\t\t\t\t<div class=\"elementor-widget-container\">\n\t\t\t\t\t<h3 class=\"elementor-heading-title elementor-size-default\">Vagon u. 10 <br>HU-9200 Mosonmagyar\u00f3v\u00e1r <br>UNGARN<br><br>\nTelefonsz\u00e1m: +36 21 300 6910 <br>E-mail: office@cyment.hu <br>c\u00e9gjegyz\u00e9ksz\u00e1m: 08-09-032649 <br>ad\u00f3sz\u00e1m: 28988274-2-08 <br>ad\u00f3sz\u00e1m: HU28988274.  <br><\/h3>\t\t\t\t<\/div>\n\t\t\t\t<\/div>\n\t\t\t\t\t<\/div>\n\t\t<\/div>\n\t\t\t\t\t<\/div>\n\t\t<\/section>\n\t\t\t\t\t<\/div>\n\t\t<\/div>\n\t\t\t\t<div class=\"elementor-column elementor-col-50 elementor-top-column elementor-element elementor-element-4c56091\" data-id=\"4c56091\" data-element_type=\"column\" data-e-type=\"column\">\n\t\t\t<div class=\"elementor-widget-wrap elementor-element-populated\">\n\t\t\t\t\t\t<section class=\"elementor-section elementor-inner-section elementor-element elementor-element-b40ea3f elementor-section-boxed elementor-section-height-default elementor-section-height-default\" data-id=\"b40ea3f\" data-element_type=\"section\" data-e-type=\"section\">\n\t\t\t\t\t\t<div class=\"elementor-container elementor-column-gap-wider\">\n\t\t\t\t\t<div class=\"elementor-column elementor-col-100 elementor-inner-column elementor-element elementor-element-e197d87\" data-id=\"e197d87\" data-element_type=\"column\" data-e-type=\"column\">\n\t\t\t<div class=\"elementor-widget-wrap elementor-element-populated\">\n\t\t\t\t\t\t<div class=\"elementor-element elementor-element-2e01110 elementor-widget elementor-widget-heading\" data-id=\"2e01110\" data-element_type=\"widget\" data-e-type=\"widget\" data-widget_type=\"heading.default\">\n\t\t\t\t<div class=\"elementor-widget-container\">\n\t\t\t\t\t<h2 class=\"elementor-heading-title elementor-size-default\">ALAS Centre of Competence s.r.o.<\/h2>\t\t\t\t<\/div>\n\t\t\t\t<\/div>\n\t\t\t\t<div class=\"elementor-element elementor-element-29b870c elementor-widget elementor-widget-heading\" data-id=\"29b870c\" data-element_type=\"widget\" data-e-type=\"widget\" data-widget_type=\"heading.default\">\n\t\t\t\t<div class=\"elementor-widget-container\">\n\t\t\t\t\t<h3 class=\"elementor-heading-title elementor-size-default\">Polianky 3357\/23<br>84101 Bratislava<br>SLOVAKIA<\/h3>\t\t\t\t<\/div>\n\t\t\t\t<\/div>\n\t\t\t\t\t<\/div>\n\t\t<\/div>\n\t\t\t\t\t<\/div>\n\t\t<\/section>\n\t\t\t\t\t<\/div>\n\t\t<\/div>\n\t\t\t\t\t<\/div>\n\t\t<\/section>\n\t\t\t\t<section class=\"elementor-section elementor-top-section elementor-element elementor-element-4f169dc elementor-section-boxed elementor-section-height-default elementor-section-height-default\" data-id=\"4f169dc\" data-element_type=\"section\" data-e-type=\"section\" data-settings=\"{&quot;background_background&quot;:&quot;classic&quot;}\">\n\t\t\t\t\t\t<div class=\"elementor-container elementor-column-gap-wider\">\n\t\t\t\t\t<div class=\"elementor-column elementor-col-100 elementor-top-column elementor-element elementor-element-76cb18d\" data-id=\"76cb18d\" data-element_type=\"column\" data-e-type=\"column\">\n\t\t\t<div class=\"elementor-widget-wrap elementor-element-populated\">\n\t\t\t\t\t\t<section class=\"elementor-section elementor-inner-section elementor-element elementor-element-e47183a elementor-section-boxed elementor-section-height-default elementor-section-height-default\" data-id=\"e47183a\" data-element_type=\"section\" data-e-type=\"section\">\n\t\t\t\t\t\t<div class=\"elementor-container elementor-column-gap-wider\">\n\t\t\t\t\t<div class=\"elementor-column elementor-col-100 elementor-inner-column elementor-element elementor-element-cb8e137\" data-id=\"cb8e137\" data-element_type=\"column\" data-e-type=\"column\">\n\t\t\t<div class=\"elementor-widget-wrap elementor-element-populated\">\n\t\t\t\t\t\t<div class=\"elementor-element elementor-element-2f30b23 elementor-widget elementor-widget-heading\" data-id=\"2f30b23\" data-element_type=\"widget\" data-e-type=\"widget\" data-widget_type=\"heading.default\">\n\t\t\t\t<div class=\"elementor-widget-container\">\n\t\t\t\t\t<h2 class=\"elementor-heading-title elementor-size-default\">Forgalmaz\u00e1s<\/h2>\t\t\t\t<\/div>\n\t\t\t\t<\/div>\n\t\t\t\t<div class=\"elementor-element elementor-element-7c16b8e elementor-widget elementor-widget-heading\" data-id=\"7c16b8e\" data-element_type=\"widget\" data-e-type=\"widget\" data-widget_type=\"heading.default\">\n\t\t\t\t<div class=\"elementor-widget-container\">\n\t\t\t\t\t<h3 class=\"elementor-heading-title elementor-size-default\">Ausztria: \nMarkus Kroneder: +43 664 88766333\n<br>Magyarorsz\u00e1g:<br>Eleonora Hernadi: +36209671407<br><br>Szlov\u00e1kia \u00e9s Csehorsz\u00e1g:<br>Vojtech Uher: +421905560310<\/h3>\t\t\t\t<\/div>\n\t\t\t\t<\/div>\n\t\t\t\t\t<\/div>\n\t\t<\/div>\n\t\t\t\t\t<\/div>\n\t\t<\/section>\n\t\t\t\t\t<\/div>\n\t\t<\/div>\n\t\t\t\t\t<\/div>\n\t\t<\/section>\n\t\t\t\t<section class=\"elementor-section elementor-top-section elementor-element elementor-element-4203ff4 elementor-section-boxed elementor-section-height-default elementor-section-height-default\" data-id=\"4203ff4\" data-element_type=\"section\" data-e-type=\"section\" data-settings=\"{&quot;background_background&quot;:&quot;classic&quot;}\">\n\t\t\t\t\t\t<div class=\"elementor-container elementor-column-gap-wider\">\n\t\t\t\t\t<div class=\"elementor-column elementor-col-50 elementor-top-column elementor-element elementor-element-03318f8\" data-id=\"03318f8\" data-element_type=\"column\" data-e-type=\"column\">\n\t\t\t<div class=\"elementor-widget-wrap elementor-element-populated\">\n\t\t\t\t\t\t<div class=\"elementor-element elementor-element-e342ad1 elementor-widget elementor-widget-image\" data-id=\"e342ad1\" data-element_type=\"widget\" data-e-type=\"widget\" data-widget_type=\"image.default\">\n\t\t\t\t<div class=\"elementor-widget-container\">\n\t\t\t\t\t\t\t\t\t\t\t\t\t\t\t<img fetchpriority=\"high\" decoding=\"async\" width=\"290\" height=\"276\" src=\"https:\/\/www.cyment.eu\/wp-content\/uploads\/2023\/07\/cyment_arrow_3-down_white.svg\" class=\"attachment-full size-full wp-image-1640\" alt=\"\" \/>\t\t\t\t\t\t\t\t\t\t\t\t\t\t\t<\/div>\n\t\t\t\t<\/div>\n\t\t\t\t\t<\/div>\n\t\t<\/div>\n\t\t\t\t<div class=\"elementor-column elementor-col-50 elementor-top-column elementor-element elementor-element-d7ec3af\" data-id=\"d7ec3af\" data-element_type=\"column\" data-e-type=\"column\">\n\t\t\t<div class=\"elementor-widget-wrap elementor-element-populated\">\n\t\t\t\t\t\t<section class=\"elementor-section elementor-inner-section elementor-element elementor-element-f73471c elementor-section-boxed elementor-section-height-default elementor-section-height-default\" data-id=\"f73471c\" data-element_type=\"section\" data-e-type=\"section\">\n\t\t\t\t\t\t<div class=\"elementor-container elementor-column-gap-wider\">\n\t\t\t\t\t<div class=\"elementor-column elementor-col-100 elementor-inner-column elementor-element elementor-element-d346a1f\" data-id=\"d346a1f\" data-element_type=\"column\" data-e-type=\"column\">\n\t\t\t<div class=\"elementor-widget-wrap elementor-element-populated\">\n\t\t\t\t\t\t<div class=\"elementor-element elementor-element-66cc53b elementor-widget elementor-widget-heading\" data-id=\"66cc53b\" data-element_type=\"widget\" data-e-type=\"widget\" data-widget_type=\"heading.default\">\n\t\t\t\t<div class=\"elementor-widget-container\">\n\t\t\t\t\t<h4 class=\"elementor-heading-title elementor-size-default\"><a href=\"mailto:office@cyment.hu\">office@cyment.hu<\/a><\/h4>\t\t\t\t<\/div>\n\t\t\t\t<\/div>\n\t\t\t\t\t<\/div>\n\t\t<\/div>\n\t\t\t\t\t<\/div>\n\t\t<\/section>\n\t\t\t\t\t<\/div>\n\t\t<\/div>\n\t\t\t\t\t<\/div>\n\t\t<\/section>\n\t\t\t\t<\/div>\n\t\t","protected":false},"excerpt":{"rendered":"<p>Kapcsolat cyment Kft. Vagon u. 10 HU-9200 Mosonmagyar\u00f3v\u00e1r UNGARN Telefonsz\u00e1m: +36 21 300 6910 E-mail: office@cyment.hu c\u00e9gjegyz\u00e9ksz\u00e1m: 08-09-032649 ad\u00f3sz\u00e1m: 28988274-2-08 ad\u00f3sz\u00e1m: HU28988274. ALAS Centre of Competence s.r.o. Polianky 3357\/2384101 BratislavaSLOVAKIA Forgalmaz\u00e1s Ausztria: Markus Kroneder: +43 664 88766333 Magyarorsz\u00e1g:Eleonora Hernadi: +36209671407 Szlov\u00e1kia \u00e9s Csehorsz\u00e1g:Vojtech Uher: +421905560310 office@cyment.hu<\/p>\n","protected":false},"author":2,"featured_media":0,"parent":0,"menu_order":0,"comment_status":"closed","ping_status":"closed","template":"elementor_header_footer","meta":{"footnotes":""},"class_list":["post-1639","page","type-page","status-publish","hentry"],"_links":{"self":[{"href":"https:\/\/www.cyment.eu\/hu\/wp-json\/wp\/v2\/pages\/1639","targetHints":{"allow":["GET"]}}],"collection":[{"href":"https:\/\/www.cyment.eu\/hu\/wp-json\/wp\/v2\/pages"}],"about":[{"href":"https:\/\/www.cyment.eu\/hu\/wp-json\/wp\/v2\/types\/page"}],"author":[{"embeddable":true,"href":"https:\/\/www.cyment.eu\/hu\/wp-json\/wp\/v2\/users\/2"}],"replies":[{"embeddable":true,"href":"https:\/\/www.cyment.eu\/hu\/wp-json\/wp\/v2\/comments?post=1639"}],"version-history":[{"count":47,"href":"https:\/\/www.cyment.eu\/hu\/wp-json\/wp\/v2\/pages\/1639\/revisions"}],"predecessor-version":[{"id":3698,"href":"https:\/\/www.cyment.eu\/hu\/wp-json\/wp\/v2\/pages\/1639\/revisions\/3698"}],"wp:attachment":[{"href":"https:\/\/www.cyment.eu\/hu\/wp-json\/wp\/v2\/media?parent=1639"}],"curies":[{"name":"wp","href":"https:\/\/api.w.org\/{rel}","templated":true}]}}